{"id":73,"date":"2025-03-30T12:24:11","date_gmt":"2025-03-30T10:24:11","guid":{"rendered":"https:\/\/blancascomi.es\/?page_id=73"},"modified":"2025-04-07T12:24:15","modified_gmt":"2025-04-07T10:24:15","slug":"bien-venidos-a-nuestra-web","status":"publish","type":"page","link":"https:\/\/www.blancascomi.es\/","title":{"rendered":"\u00a1Bienvenidos a nuestra web!"},"content":{"rendered":"<p class=\"has-text-align-left\">Blancas, nuestro peque\u00f1o rinc\u00f3n de Teruel, es mucho m\u00e1s que un pueblo. Cada a\u00f1o, con ilusi\u00f3n, cari\u00f1o y muchas ganas, la&nbsp;<strong>Comisi\u00f3n de Festejos<\/strong>&nbsp;se encarga de organizar unas fiestas llenas de alegr\u00eda, encuentros y buenos momentos.<\/p><figure class=\"wp-block-image alignfull size-full\"><img loading=\"lazy\" decoding=\"async\" width=\"1200\" height=\"600\" src=\"https:\/\/blancascomi.es\/wp-content\/uploads\/2025\/03\/Diseno_sin_titulo_compressed.png\" alt=\"\" class=\"wp-image-52\"\/><\/figure><p>Aqu\u00ed encontrar\u00e1s toda la informaci\u00f3n sobre los eventos, actividades y novedades de nuestras fiestas. Queremos que esta web sea un punto de encuentro para vecinos, amigos y todos aquellos que, de una forma u otra, llevan a Blancas en el coraz\u00f3n.<\/p>","protected":false},"excerpt":{"rendered":"<p>Blancas, nuestro peque\u00f1o rinc\u00f3n de Teruel, es mucho m\u00e1s que un pueblo. Cada a\u00f1o, con ilusi\u00f3n, cari\u00f1o y muchas ganas, la&nbsp;Comisi\u00f3n de Festejos&nbsp;se encarga de organizar unas fiestas llenas de alegr\u00eda, encuentros y buenos momentos. Aqu\u00ed encontrar\u00e1s toda la informaci\u00f3n sobre los eventos, actividades y novedades de nuestras fiestas. Queremos que esta web sea un [&hellip;]<\/p>\n","protected":false},"author":1,"featured_media":0,"parent":0,"menu_order":0,"comment_status":"closed","ping_status":"closed","template":"","meta":{"site-sidebar-layout":"default","site-content-layout":"","ast-site-content-layout":"","site-content-style":"default","site-sidebar-style":"default","ast-global-header-display":"","ast-banner-title-visibility":"","ast-main-header-display":"","ast-hfb-above-header-display":"","ast-hfb-below-header-display":"","ast-hfb-mobile-header-display":"","site-post-title":"","ast-breadcrumbs-content":"","ast-featured-img":"","footer-sml-layout":"","theme-transparent-header-meta":"","adv-header-id-meta":"","stick-header-meta":"","header-above-stick-meta":"","header-main-stick-meta":"","header-below-stick-meta":"","astra-migrate-meta-layouts":"default","ast-page-background-enabled":"default","ast-page-background-meta":{"desktop":{"background-color":"","background-image":"","background-repeat":"repeat","background-position":"center center","background-size":"auto","background-attachment":"scroll","background-type":"","background-media":"","overlay-type":"","overlay-color":"","overlay-opacity":"","overlay-gradient":""},"tablet":{"background-color":"","background-image":"","background-repeat":"repeat","background-position":"center center","background-size":"auto","background-attachment":"scroll","background-type":"","background-media":"","overlay-type":"","overlay-color":"","overlay-opacity":"","overlay-gradient":""},"mobile":{"background-color":"","background-image":"","background-repeat":"repeat","background-position":"center center","background-size":"auto","background-attachment":"scroll","background-type":"","background-media":"","overlay-type":"","overlay-color":"","overlay-opacity":"","overlay-gradient":""}},"ast-content-background-meta":{"desktop":{"background-color":"var(--ast-global-color-5)","background-image":"","background-repeat":"repeat","background-position":"center center","background-size":"auto","background-attachment":"scroll","background-type":"","background-media":"","overlay-type":"","overlay-color":"","overlay-opacity":"","overlay-gradient":""},"tablet":{"background-color":"var(--ast-global-color-5)","background-image":"","background-repeat":"repeat","background-position":"center center","background-size":"auto","background-attachment":"scroll","background-type":"","background-media":"","overlay-type":"","overlay-color":"","overlay-opacity":"","overlay-gradient":""},"mobile":{"background-color":"var(--ast-global-color-5)","background-image":"","background-repeat":"repeat","background-position":"center center","background-size":"auto","background-attachment":"scroll","background-type":"","background-media":"","overlay-type":"","overlay-color":"","overlay-opacity":"","overlay-gradient":""}},"footnotes":""},"class_list":["post-73","page","type-page","status-publish","hentry"],"_links":{"self":[{"href":"https:\/\/www.blancascomi.es\/index.php?rest_route=\/wp\/v2\/pages\/73","targetHints":{"allow":["GET"]}}],"collection":[{"href":"https:\/\/www.blancascomi.es\/index.php?rest_route=\/wp\/v2\/pages"}],"about":[{"href":"https:\/\/www.blancascomi.es\/index.php?rest_route=\/wp\/v2\/types\/page"}],"author":[{"embeddable":true,"href":"https:\/\/www.blancascomi.es\/index.php?rest_route=\/wp\/v2\/users\/1"}],"replies":[{"embeddable":true,"href":"https:\/\/www.blancascomi.es\/index.php?rest_route=%2Fwp%2Fv2%2Fcomments&post=73"}],"version-history":[{"count":6,"href":"https:\/\/www.blancascomi.es\/index.php?rest_route=\/wp\/v2\/pages\/73\/revisions"}],"predecessor-version":[{"id":119,"href":"https:\/\/www.blancascomi.es\/index.php?rest_route=\/wp\/v2\/pages\/73\/revisions\/119"}],"wp:attachment":[{"href":"https:\/\/www.blancascomi.es\/index.php?rest_route=%2Fwp%2Fv2%2Fmedia&parent=73"}],"curies":[{"name":"wp","href":"https:\/\/api.w.org\/{rel}","templated":true}]}}